{"id":1094,"date":"2021-02-23T12:15:05","date_gmt":"2021-02-23T12:15:05","guid":{"rendered":"https:\/\/www.eydsantcugat.com\/?page_id=1094"},"modified":"2021-04-06T11:32:45","modified_gmt":"2021-04-06T11:32:45","slug":"cookies","status":"publish","type":"page","link":"https:\/\/www.eydsantcugat.com\/index.php\/cookies\/","title":{"rendered":"Politica de cookies"},"content":{"rendered":"\t\t<div data-elementor-type=\"wp-post\" data-elementor-id=\"1094\" class=\"elementor elementor-1094\">\n\t\t\t\t\t\t<section class=\"elementor-section elementor-top-section elementor-element elementor-element-8431d55 elementor-section-boxed elementor-section-height-default elementor-section-height-default\" data-id=\"8431d55\" data-element_type=\"section\">\n\t\t\t\t\t\t<div class=\"elementor-container elementor-column-gap-default\">\n\t\t\t\t\t<div class=\"elementor-column elementor-col-100 elementor-top-column elementor-element elementor-element-4d9765b\" data-id=\"4d9765b\" data-element_type=\"column\">\n\t\t\t<div class=\"elementor-widget-wrap elementor-element-populated\">\n\t\t\t\t\t\t<div class=\"elementor-element elementor-element-8789049 elementor-hidden-tablet elementor-hidden-phone elementor-widget elementor-widget-text-editor\" data-id=\"8789049\" data-element_type=\"widget\" data-widget_type=\"text-editor.default\">\n\t\t\t\t<div class=\"elementor-widget-container\">\n\t\t\t\t\t\t\t\t\t<p><img decoding=\"async\" class=\"alignnone size-full wp-image-642\" src=\"https:\/\/www.eydsantcugat.com\/wp-content\/uploads\/2021\/02\/PALACARGADORA.jpg\" alt=\"\" width=\"71\" height=\"78\" \/>\u00a0 \u00a0 \u00a0 \u00a0 \u00a0 \u00a0 \u00a0 \u00a0 \u00a0 \u00a0 \u00a0 \u00a0 \u00a0 \u00a0 \u00a0 \u00a0 \u00a0 \u00a0 \u00a0<img decoding=\"async\" class=\"alignnone size-medium wp-image-476\" src=\"https:\/\/www.eydsantcugat.com\/wp-content\/uploads\/2021\/02\/EXCAVADORA.jpg\" alt=\"\" width=\"63\" height=\"67\" \/>\u00a0 \u00a0 \u00a0 \u00a0 \u00a0 \u00a0\u00a0 \u00a0 \u00a0 \u00a0 \u00a0 \u00a0 \u00a0 \u00a0 \u00a0 \u00a0 \u00a0 \u00a0\u00a0 <img decoding=\"async\" class=\"alignnone size-full wp-image-644\" src=\"https:\/\/www.eydsantcugat.com\/wp-content\/uploads\/2021\/02\/BULLDOCER.jpg\" alt=\"\" width=\"70\" height=\"63\" \/>\u00a0 \u00a0 \u00a0 \u00a0 \u00a0 \u00a0 \u00a0 \u00a0 \u00a0 \u00a0 \u00a0 \u00a0 \u00a0 \u00a0 \u00a0 \u00a0 \u00a0 \u00a0\u00a0<img loading=\"lazy\" decoding=\"async\" class=\"alignnone size-medium wp-image-478\" src=\"https:\/\/www.eydsantcugat.com\/wp-content\/uploads\/2021\/02\/MARTILLO.jpg\" alt=\"\" width=\"69\" height=\"64\" \/>\u00a0 \u00a0 \u00a0 \u00a0 \u00a0 \u00a0 \u00a0 \u00a0 \u00a0 \u00a0 \u00a0 \u00a0 \u00a0 \u00a0 \u00a0 \u00a0 \u00a0 \u00a0 <img loading=\"lazy\" decoding=\"async\" class=\"alignnone size-medium wp-image-479\" src=\"https:\/\/www.eydsantcugat.com\/wp-content\/uploads\/2021\/02\/TRACTOR.jpg\" alt=\"\" width=\"71\" height=\"62\" \/>\u00a0 \u00a0 \u00a0 \u00a0 \u00a0 \u00a0 \u00a0\u00a0 \u00a0 \u00a0 \u00a0 \u00a0 \u00a0 \u00a0 \u00a0 \u00a0 \u00a0\u00a0 <img loading=\"lazy\" decoding=\"async\" class=\"alignnone size-medium wp-image-480\" src=\"https:\/\/www.eydsantcugat.com\/wp-content\/uploads\/2021\/02\/VOLQUETE.jpg\" alt=\"\" width=\"76\" height=\"71\" \/><\/p>\t\t\t\t\t\t\t\t<\/div>\n\t\t\t\t<\/div>\n\t\t\t\t\t<\/div>\n\t\t<\/div>\n\t\t\t\t\t<\/div>\n\t\t<\/section>\n\t\t\t\t<section class=\"elementor-section elementor-top-section elementor-element elementor-element-0b4dcfc elementor-section-boxed elementor-section-height-default elementor-section-height-default\" data-id=\"0b4dcfc\" data-element_type=\"section\">\n\t\t\t\t\t\t<div class=\"elementor-container elementor-column-gap-default\">\n\t\t\t\t\t<div class=\"elementor-column elementor-col-100 elementor-top-column elementor-element elementor-element-b3c65db\" data-id=\"b3c65db\" data-element_type=\"column\">\n\t\t\t<div class=\"elementor-widget-wrap elementor-element-populated\">\n\t\t\t\t\t\t<div class=\"elementor-element elementor-element-6c212fa elementor-invisible elementor-widget elementor-widget-text-editor\" data-id=\"6c212fa\" data-element_type=\"widget\" data-settings=\"{&quot;_animation&quot;:&quot;fadeInDown&quot;}\" data-widget_type=\"text-editor.default\">\n\t\t\t\t<div class=\"elementor-widget-container\">\n\t\t\t\t\t\t\t\t\t<h2 style=\"text-align: center;\"><span style=\"color: #ff0000;\">Pol\u00edtica de cookies<\/span><\/h2><header class=\"text-center\"><p>El acceso a este Sitio Web puede implicar la utilizaci\u00f3n de cookies.\u00a0<\/p><p>Estas son peque\u00f1as cantidades de informaci\u00f3n que se almacenan en el navegador utilizado por cada Usuario para que el servidor recuerde cierta informaci\u00f3n que \u00fanicamente el servidor que la implement\u00f3 leer\u00e1. Facilitan la navegaci\u00f3n, la hacen m\u00e1s amigable, y no da\u00f1an el dispositivo de navegaci\u00f3n.<\/p><\/header><div><p>Las cookies son procedimientos autom\u00e1ticos de recogida de informaci\u00f3n. Esta informaci\u00f3n es sobre las preferencias determinadas por el Usuario durante su visita al Sitio Web con el fin de reconocerlo. Estas ayudan a personalizar su experiencia y el uso del Sitio Web, y pueden tambi\u00e9n, por ejemplo, ayudar a identificar y resolver errores.<\/p><p>La informaci\u00f3n recabada a trav\u00e9s de las cookies puede incluir la fecha y hora de visitas al Sitio Web, las p\u00e1ginas visionadas, el tiempo que ha estado en el Sitio Web y los sitios visitados justo antes y despu\u00e9s del mismo. Sin embargo, ninguna cookie permite que esta misma pueda contactarse con el n\u00famero de tel\u00e9fono del Usuario o con cualquier otro medio de contacto personal. Ninguna cookie puede extraer informaci\u00f3n del disco duro del Usuario o robar informaci\u00f3n personal a no ser que el usuario d\u00e9 personalmente esa informaci\u00f3n al servidor.<\/p><p>Las que permiten identificar a una persona se consideran datos personales. En este caso, aplicar\u00e1 la <a href=\"https:\/\/www.eydsantcugat.com\/index.php\/politica_de_privacidad\/\">Pol\u00edtica de Privacidad<\/a>. En este sentido, para la utilizaci\u00f3n de las mismas ser\u00e1 necesario el consentimiento del Usuario.\u00a0<\/p><h4>Deshabilitar, rechazar y eliminar cookies<\/h4><p>El Usuario puede deshabilitar, rechazar y eliminar las cookies \u2014total o parcialmente\u2014 instaladas en su dispositivo mediante la configuraci\u00f3n de su navegador (entre los que se encuentran, por ejemplo, Chrome, Firefox, Safari, Explorer). Los procedimientos para rechazar y eliminar las cookies pueden diferir de un navegador de Internet a otro. En consecuencia, el Usuario debe acudir a las instrucciones facilitadas por el propio navegador de Internet que est\u00e9 utilizando. En el supuesto de que rechace el uso de cookies \u2014total o parcialmente\u2014 podr\u00e1 seguir usando el Sitio Web, si bien podr\u00e1 tener limitada la utilizaci\u00f3n de algunas de las prestaciones del mismo.<\/p><\/div>\t\t\t\t\t\t\t\t<\/div>\n\t\t\t\t<\/div>\n\t\t\t\t\t<\/div>\n\t\t<\/div>\n\t\t\t\t\t<\/div>\n\t\t<\/section>\n\t\t\t\t<\/div>\n\t\t","protected":false},"excerpt":{"rendered":"<p>\u00a0 \u00a0 \u00a0 \u00a0 \u00a0 \u00a0 \u00a0 \u00a0 \u00a0 \u00a0 \u00a0 \u00a0 \u00a0 \u00a0 \u00a0 \u00a0 \u00a0 \u00a0 \u00a0\u00a0 \u00a0 \u00a0 \u00a0 \u00a0 \u00a0\u00a0 \u00a0 \u00a0 \u00a0 \u00a0 \u00a0 \u00a0 \u00a0 \u00a0 \u00a0 \u00a0 \u00a0\u00a0 \u00a0 \u00a0 \u00a0 \u00a0 \u00a0 \u00a0 \u00a0 \u00a0 \u00a0 \u00a0 \u00a0 \u00a0 \u00a0 \u00a0 \u00a0 \u00a0 \u00a0 \u00a0\u00a0\u00a0 \u00a0 \u00a0<a href=\"https:\/\/www.eydsantcugat.com\/index.php\/cookies\/\" rel=\"bookmark\">Leer m\u00e1s &raquo;<span class=\"screen-reader-text\">Politica de cookies<\/span><\/a><\/p>\n","protected":false},"author":1,"featured_media":0,"parent":0,"menu_order":0,"comment_status":"closed","ping_status":"closed","template":"page-templates\/template-pagebuilder-full-width.php","meta":{"neve_meta_sidebar":"","neve_meta_container":"","neve_meta_enable_content_width":"","neve_meta_content_width":0,"neve_meta_title_alignment":"","neve_meta_author_avatar":"","neve_post_elements_order":"","neve_meta_disable_header":"","neve_meta_disable_footer":"","neve_meta_disable_title":"","footnotes":""},"class_list":["post-1094","page","type-page","status-publish","hentry"],"yoast_head":"<!-- This site is optimized with the Yoast SEO plugin v27.5 - https:\/\/yoast.com\/product\/yoast-seo-wordpress\/ -->\n<title>Politica de cookies - EXCAVACIONES Y DERRIBOS SANT CUGAT<\/title>\n<meta name=\"robots\" content=\"index, follow, max-snippet:-1, max-image-preview:large, max-video-preview:-1\" \/>\n<link rel=\"canonical\" href=\"https:\/\/www.eydsantcugat.com\/index.php\/cookies\/\" \/>\n<meta property=\"og:locale\" content=\"es_ES\" \/>\n<meta property=\"og:type\" content=\"article\" \/>\n<meta property=\"og:title\" content=\"Politica de cookies - EXCAVACIONES Y DERRIBOS SANT CUGAT\" \/>\n<meta property=\"og:description\" content=\"\u00a0 \u00a0 \u00a0 \u00a0 \u00a0 \u00a0 \u00a0 \u00a0 \u00a0 \u00a0 \u00a0 \u00a0 \u00a0 \u00a0 \u00a0 \u00a0 \u00a0 \u00a0 \u00a0\u00a0 \u00a0 \u00a0 \u00a0 \u00a0 \u00a0\u00a0 \u00a0 \u00a0 \u00a0 \u00a0 \u00a0 \u00a0 \u00a0 \u00a0 \u00a0 \u00a0 \u00a0\u00a0 \u00a0 \u00a0 \u00a0 \u00a0 \u00a0 \u00a0 \u00a0 \u00a0 \u00a0 \u00a0 \u00a0 \u00a0 \u00a0 \u00a0 \u00a0 \u00a0 \u00a0 \u00a0\u00a0\u00a0 \u00a0 \u00a0Leer m\u00e1s &raquo;Politica de cookies\" \/>\n<meta property=\"og:url\" content=\"https:\/\/www.eydsantcugat.com\/index.php\/cookies\/\" \/>\n<meta property=\"og:site_name\" content=\"EXCAVACIONES Y DERRIBOS SANT CUGAT\" \/>\n<meta property=\"article:modified_time\" content=\"2021-04-06T11:32:45+00:00\" \/>\n<meta property=\"og:image\" content=\"https:\/\/www.eydsantcugat.com\/wp-content\/uploads\/2021\/02\/PALACARGADORA.jpg\" \/>\n<meta name=\"twitter:card\" content=\"summary_large_image\" \/>\n<meta name=\"twitter:label1\" content=\"Tiempo de lectura\" \/>\n\t<meta name=\"twitter:data1\" content=\"4 minutos\" \/>\n<script type=\"application\/ld+json\" class=\"yoast-schema-graph\">{\"@context\":\"https:\\\/\\\/schema.org\",\"@graph\":[{\"@type\":\"WebPage\",\"@id\":\"https:\\\/\\\/www.eydsantcugat.com\\\/index.php\\\/cookies\\\/\",\"url\":\"https:\\\/\\\/www.eydsantcugat.com\\\/index.php\\\/cookies\\\/\",\"name\":\"Politica de cookies - EXCAVACIONES Y DERRIBOS SANT CUGAT\",\"isPartOf\":{\"@id\":\"https:\\\/\\\/www.eydsantcugat.com\\\/#website\"},\"primaryImageOfPage\":{\"@id\":\"https:\\\/\\\/www.eydsantcugat.com\\\/index.php\\\/cookies\\\/#primaryimage\"},\"image\":{\"@id\":\"https:\\\/\\\/www.eydsantcugat.com\\\/index.php\\\/cookies\\\/#primaryimage\"},\"thumbnailUrl\":\"https:\\\/\\\/www.eydsantcugat.com\\\/wp-content\\\/uploads\\\/2021\\\/02\\\/PALACARGADORA.jpg\",\"datePublished\":\"2021-02-23T12:15:05+00:00\",\"dateModified\":\"2021-04-06T11:32:45+00:00\",\"breadcrumb\":{\"@id\":\"https:\\\/\\\/www.eydsantcugat.com\\\/index.php\\\/cookies\\\/#breadcrumb\"},\"inLanguage\":\"es\",\"potentialAction\":[{\"@type\":\"ReadAction\",\"target\":[\"https:\\\/\\\/www.eydsantcugat.com\\\/index.php\\\/cookies\\\/\"]}]},{\"@type\":\"ImageObject\",\"inLanguage\":\"es\",\"@id\":\"https:\\\/\\\/www.eydsantcugat.com\\\/index.php\\\/cookies\\\/#primaryimage\",\"url\":\"https:\\\/\\\/www.eydsantcugat.com\\\/wp-content\\\/uploads\\\/2021\\\/02\\\/PALACARGADORA.jpg\",\"contentUrl\":\"https:\\\/\\\/www.eydsantcugat.com\\\/wp-content\\\/uploads\\\/2021\\\/02\\\/PALACARGADORA.jpg\",\"width\":71,\"height\":78,\"caption\":\"eyd_palacargadora\"},{\"@type\":\"BreadcrumbList\",\"@id\":\"https:\\\/\\\/www.eydsantcugat.com\\\/index.php\\\/cookies\\\/#breadcrumb\",\"itemListElement\":[{\"@type\":\"ListItem\",\"position\":1,\"name\":\"Portada\",\"item\":\"https:\\\/\\\/www.eydsantcugat.com\\\/\"},{\"@type\":\"ListItem\",\"position\":2,\"name\":\"Politica de cookies\"}]},{\"@type\":\"WebSite\",\"@id\":\"https:\\\/\\\/www.eydsantcugat.com\\\/#website\",\"url\":\"https:\\\/\\\/www.eydsantcugat.com\\\/\",\"name\":\"EXCAVACIONES Y DERRIBOS SANT CUGAT\",\"description\":\"Prestamos servicios en la zona de Catalu\u00f1a en todo tipo de movimiento de tierras, derribos, rebajes, zanjas o nivelaciones.\",\"publisher\":{\"@id\":\"https:\\\/\\\/www.eydsantcugat.com\\\/#organization\"},\"potentialAction\":[{\"@type\":\"SearchAction\",\"target\":{\"@type\":\"EntryPoint\",\"urlTemplate\":\"https:\\\/\\\/www.eydsantcugat.com\\\/?s={search_term_string}\"},\"query-input\":{\"@type\":\"PropertyValueSpecification\",\"valueRequired\":true,\"valueName\":\"search_term_string\"}}],\"inLanguage\":\"es\"},{\"@type\":\"Organization\",\"@id\":\"https:\\\/\\\/www.eydsantcugat.com\\\/#organization\",\"name\":\"EXCAVACIONES Y DERRIBOS SANT CUGAT S.L\",\"url\":\"https:\\\/\\\/www.eydsantcugat.com\\\/\",\"logo\":{\"@type\":\"ImageObject\",\"inLanguage\":\"es\",\"@id\":\"https:\\\/\\\/www.eydsantcugat.com\\\/#\\\/schema\\\/logo\\\/image\\\/\",\"url\":\"https:\\\/\\\/www.eydsantcugat.com\\\/wp-content\\\/uploads\\\/2021\\\/04\\\/LOGO_IN.png\",\"contentUrl\":\"https:\\\/\\\/www.eydsantcugat.com\\\/wp-content\\\/uploads\\\/2021\\\/04\\\/LOGO_IN.png\",\"width\":283,\"height\":283,\"caption\":\"EXCAVACIONES Y DERRIBOS SANT CUGAT S.L\"},\"image\":{\"@id\":\"https:\\\/\\\/www.eydsantcugat.com\\\/#\\\/schema\\\/logo\\\/image\\\/\"},\"sameAs\":[\"https:\\\/\\\/www.instagram.com\\\/eydsantcugat\\\/\",\"https:\\\/\\\/es.linkedin.com\\\/public-profile\\\/in\\\/eyd-sant-cugat-s-l-9a9364181?challengeId=AQFCURbVpGA5HgAAAXfYlxmuYWlUxEo8uplHv12iG6O0YT1S7xtSzJ_F9w1ogcSnutJeGQdIT6dCpKnfbGNaQp4ovJYaSCHZMQ&amp;amp;amp;amp;amp;amp;amp;submissionId=9a6f548c-a7f4-6616-83c5-38a50160b465\"]}]}<\/script>\n<!-- \/ Yoast SEO plugin. -->","yoast_head_json":{"title":"Politica de cookies - EXCAVACIONES Y DERRIBOS SANT CUGAT","robots":{"index":"index","follow":"follow","max-snippet":"max-snippet:-1","max-image-preview":"max-image-preview:large","max-video-preview":"max-video-preview:-1"},"canonical":"https:\/\/www.eydsantcugat.com\/index.php\/cookies\/","og_locale":"es_ES","og_type":"article","og_title":"Politica de cookies - EXCAVACIONES Y DERRIBOS SANT CUGAT","og_description":"\u00a0 \u00a0 \u00a0 \u00a0 \u00a0 \u00a0 \u00a0 \u00a0 \u00a0 \u00a0 \u00a0 \u00a0 \u00a0 \u00a0 \u00a0 \u00a0 \u00a0 \u00a0 \u00a0\u00a0 \u00a0 \u00a0 \u00a0 \u00a0 \u00a0\u00a0 \u00a0 \u00a0 \u00a0 \u00a0 \u00a0 \u00a0 \u00a0 \u00a0 \u00a0 \u00a0 \u00a0\u00a0 \u00a0 \u00a0 \u00a0 \u00a0 \u00a0 \u00a0 \u00a0 \u00a0 \u00a0 \u00a0 \u00a0 \u00a0 \u00a0 \u00a0 \u00a0 \u00a0 \u00a0 \u00a0\u00a0\u00a0 \u00a0 \u00a0Leer m\u00e1s &raquo;Politica de cookies","og_url":"https:\/\/www.eydsantcugat.com\/index.php\/cookies\/","og_site_name":"EXCAVACIONES Y DERRIBOS SANT CUGAT","article_modified_time":"2021-04-06T11:32:45+00:00","og_image":[{"url":"https:\/\/www.eydsantcugat.com\/wp-content\/uploads\/2021\/02\/PALACARGADORA.jpg","type":"","width":"","height":""}],"twitter_card":"summary_large_image","twitter_misc":{"Tiempo de lectura":"4 minutos"},"schema":{"@context":"https:\/\/schema.org","@graph":[{"@type":"WebPage","@id":"https:\/\/www.eydsantcugat.com\/index.php\/cookies\/","url":"https:\/\/www.eydsantcugat.com\/index.php\/cookies\/","name":"Politica de cookies - EXCAVACIONES Y DERRIBOS SANT CUGAT","isPartOf":{"@id":"https:\/\/www.eydsantcugat.com\/#website"},"primaryImageOfPage":{"@id":"https:\/\/www.eydsantcugat.com\/index.php\/cookies\/#primaryimage"},"image":{"@id":"https:\/\/www.eydsantcugat.com\/index.php\/cookies\/#primaryimage"},"thumbnailUrl":"https:\/\/www.eydsantcugat.com\/wp-content\/uploads\/2021\/02\/PALACARGADORA.jpg","datePublished":"2021-02-23T12:15:05+00:00","dateModified":"2021-04-06T11:32:45+00:00","breadcrumb":{"@id":"https:\/\/www.eydsantcugat.com\/index.php\/cookies\/#breadcrumb"},"inLanguage":"es","potentialAction":[{"@type":"ReadAction","target":["https:\/\/www.eydsantcugat.com\/index.php\/cookies\/"]}]},{"@type":"ImageObject","inLanguage":"es","@id":"https:\/\/www.eydsantcugat.com\/index.php\/cookies\/#primaryimage","url":"https:\/\/www.eydsantcugat.com\/wp-content\/uploads\/2021\/02\/PALACARGADORA.jpg","contentUrl":"https:\/\/www.eydsantcugat.com\/wp-content\/uploads\/2021\/02\/PALACARGADORA.jpg","width":71,"height":78,"caption":"eyd_palacargadora"},{"@type":"BreadcrumbList","@id":"https:\/\/www.eydsantcugat.com\/index.php\/cookies\/#breadcrumb","itemListElement":[{"@type":"ListItem","position":1,"name":"Portada","item":"https:\/\/www.eydsantcugat.com\/"},{"@type":"ListItem","position":2,"name":"Politica de cookies"}]},{"@type":"WebSite","@id":"https:\/\/www.eydsantcugat.com\/#website","url":"https:\/\/www.eydsantcugat.com\/","name":"EXCAVACIONES Y DERRIBOS SANT CUGAT","description":"Prestamos servicios en la zona de Catalu\u00f1a en todo tipo de movimiento de tierras, derribos, rebajes, zanjas o nivelaciones.","publisher":{"@id":"https:\/\/www.eydsantcugat.com\/#organization"},"potentialAction":[{"@type":"SearchAction","target":{"@type":"EntryPoint","urlTemplate":"https:\/\/www.eydsantcugat.com\/?s={search_term_string}"},"query-input":{"@type":"PropertyValueSpecification","valueRequired":true,"valueName":"search_term_string"}}],"inLanguage":"es"},{"@type":"Organization","@id":"https:\/\/www.eydsantcugat.com\/#organization","name":"EXCAVACIONES Y DERRIBOS SANT CUGAT S.L","url":"https:\/\/www.eydsantcugat.com\/","logo":{"@type":"ImageObject","inLanguage":"es","@id":"https:\/\/www.eydsantcugat.com\/#\/schema\/logo\/image\/","url":"https:\/\/www.eydsantcugat.com\/wp-content\/uploads\/2021\/04\/LOGO_IN.png","contentUrl":"https:\/\/www.eydsantcugat.com\/wp-content\/uploads\/2021\/04\/LOGO_IN.png","width":283,"height":283,"caption":"EXCAVACIONES Y DERRIBOS SANT CUGAT S.L"},"image":{"@id":"https:\/\/www.eydsantcugat.com\/#\/schema\/logo\/image\/"},"sameAs":["https:\/\/www.instagram.com\/eydsantcugat\/","https:\/\/es.linkedin.com\/public-profile\/in\/eyd-sant-cugat-s-l-9a9364181?challengeId=AQFCURbVpGA5HgAAAXfYlxmuYWlUxEo8uplHv12iG6O0YT1S7xtSzJ_F9w1ogcSnutJeGQdIT6dCpKnfbGNaQp4ovJYaSCHZMQ&amp;amp;amp;amp;amp;amp;amp;submissionId=9a6f548c-a7f4-6616-83c5-38a50160b465"]}]}},"_links":{"self":[{"href":"https:\/\/www.eydsantcugat.com\/index.php\/wp-json\/wp\/v2\/pages\/1094","targetHints":{"allow":["GET"]}}],"collection":[{"href":"https:\/\/www.eydsantcugat.com\/index.php\/wp-json\/wp\/v2\/pages"}],"about":[{"href":"https:\/\/www.eydsantcugat.com\/index.php\/wp-json\/wp\/v2\/types\/page"}],"author":[{"embeddable":true,"href":"https:\/\/www.eydsantcugat.com\/index.php\/wp-json\/wp\/v2\/users\/1"}],"replies":[{"embeddable":true,"href":"https:\/\/www.eydsantcugat.com\/index.php\/wp-json\/wp\/v2\/comments?post=1094"}],"version-history":[{"count":46,"href":"https:\/\/www.eydsantcugat.com\/index.php\/wp-json\/wp\/v2\/pages\/1094\/revisions"}],"predecessor-version":[{"id":1903,"href":"https:\/\/www.eydsantcugat.com\/index.php\/wp-json\/wp\/v2\/pages\/1094\/revisions\/1903"}],"wp:attachment":[{"href":"https:\/\/www.eydsantcugat.com\/index.php\/wp-json\/wp\/v2\/media?parent=1094"}],"curies":[{"name":"wp","href":"https:\/\/api.w.org\/{rel}","templated":true}]}}